{"id":237,"date":"2023-11-23T02:30:04","date_gmt":"2023-11-23T02:30:04","guid":{"rendered":"https:\/\/uct.edu.tl\/?page_id=237"},"modified":"2024-07-08T08:11:00","modified_gmt":"2024-07-08T08:11:00","slug":"visao-missao-e-valores","status":"publish","type":"page","link":"http:\/\/uct.edu.tl\/en\/perfil-universidade\/visao-missao-e-valores\/","title":{"rendered":"Vision, Mission and Values"},"content":{"rendered":"<style>\/*! elementor - v3.17.0 - 08-11-2023 *\/<br \/>\n.elementor-widget-image{text-align:center}.elementor-widget-image a{display:inline-block}.elementor-widget-image a img[src$=\".svg\"]{width:48px}.elementor-widget-image img{vertical-align:middle;display:inline-block}<\/style>\n<p><img fetchpriority=\"high\" decoding=\"async\" src=\"https:\/\/uct.edu.tl\/wp-content\/uploads\/2023\/11\/295698066_111250525000490_8827602347046593814_n.png\" sizes=\"(max-width: 1000px) 100vw, 1000px\" srcset=\"https:\/\/uct.edu.tl\/wp-content\/uploads\/2023\/11\/295698066_111250525000490_8827602347046593814_n.png 1000w, https:\/\/uct.edu.tl\/wp-content\/uploads\/2023\/11\/295698066_111250525000490_8827602347046593814_n-300x150.png 300w, https:\/\/uct.edu.tl\/wp-content\/uploads\/2023\/11\/295698066_111250525000490_8827602347046593814_n-768x384.png 768w\" alt=\"\" width=\"1000\" height=\"500\" \/><\/p>\n<style>\/*! elementor - v3.17.0 - 08-11-2023 *\/<br \/>\n.elementor-heading-title{padding:0;margin:0;line-height:1}.elementor-widget-heading .elementor-heading-title[class*=elementor-size-]>a{color:inherit;font-size:inherit;line-height:inherit}.elementor-widget-heading .elementor-heading-title.elementor-size-small{font-size:15px}.elementor-widget-heading .elementor-heading-title.elementor-size-medium{font-size:19px}.elementor-widget-heading .elementor-heading-title.elementor-size-large{font-size:29px}.elementor-widget-heading .elementor-heading-title.elementor-size-xl{font-size:39px}.elementor-widget-heading .elementor-heading-title.elementor-size-xxl{font-size:59px}<\/style>\n<h1>Vis\u00e3o<\/h1>\n<p>Queremos ser a melhor Universidade de ensino e investigac\u0327a\u0303o cienti\u0301fica de Timor-Leste, proporcionando uma educac\u0327a\u0303o moral, espiritual e intelectual de toda a pessoa humana, formando os futuros li\u0301deres do pa\u00eds e do mundo sob os auspi\u0301cios da fe\u0301 cato\u0301lica.<\/p>\n<h1>Miss\u00e3o<\/h1>\n<p>A missa\u0303o da UCT e\u0301 promover a criac\u0327a\u0303o, transmissa\u0303o e difusa\u0303o cri\u0301tica da cie\u0302ncia, tecnologia, arte e cultura atrave\u0301s da articulac\u0327a\u0303o entre o ensino, a investigac\u0327a\u0303o cienti\u0301fica e a extensa\u0303o em va\u0301rios domi\u0301nios com vista ao desenvolvimento integral do ser humano e ao bem-estar da comunidade nacional e internacional, a\u0300 luz da fe\u0301 crista\u0303.<\/p>\n<h1>Valores<\/h1>\n<p>A Universidade Cat\u00f3lica Timorense (UCT) S\u00e3o Jo\u00e3o Paulo II desenvolve as suas atividades no quadro da sua Miss\u00e3o, com uma Vis\u00e3o que reflete a sua ambi\u00e7\u00e3o e as suas exig\u00eancias face \u00e0s responsabilidades que deve assegurar e no respeito por um conjunto de Valores que entende como padr\u00f5es de conduta. Estes valores s\u00e3o:<\/p>\n<h2>1. Verdade e \u00c9tica Crist\u00e3<\/h2>\n<p>Entendemos que a ci\u00eancia \u00e9 patrim\u00f3nio universal, que tem esp\u00edrito coletivo e que a sua constru\u00e7\u00e3o exige integridade e compromisso com a verdade. Dentro da tradi\u00e7\u00e3o intelectual cat\u00f3lica estamos comprometidos com a busca pelo conhecimento, a dignidade da pessoa humana e o bem comum, com base na verdade e na \u00e9tica crist\u00e3, tornando os ensinamentos da Igreja Cat\u00f3lica os padr\u00f5es para agir na sociedade, nos relacionamentos interpessoais e na vida.<\/p>\n<h2>2. Inova\u00e7\u00e3o e Excel\u00eancia<\/h2>\n<p>Defendemos a raz\u00e3o e a melhoria cont\u00ednua da sociedade. Procuramos sempre a excel\u00eancia a partir da inova\u00e7\u00e3o, com o intuito\u00a0 de desenvolver a aquisi\u00e7\u00e3o dos talentos da pr\u00f3xima gera\u00e7\u00e3o, procurando torn\u00e1-la mais competitiva na era digital e procurando fazer diferen\u00e7a atrav\u00e9s de pr\u00e1ticas inovadoras e criativas.<\/p>\n<h2>3. Integridade Acad\u00e9mica e Cient\u00edfica<\/h2>\n<p>Velamos por uma integridade acad\u00e9mica que incorpore a honestidade, a justi\u00e7a e a responsabilidade em todo o processo de condu\u00e7\u00e3o, aquisi\u00e7\u00e3o e transmiss\u00e3o da ci\u00eancia para o bem da humanidade e do seu universo. Aderimos aos princ\u00edpios \u00e9ticos e padr\u00f5es profissionais considerados essenciais para uma pr\u00e1tica cient\u00edfica respons\u00e1vel, ao compromisso \u00e0 transpar\u00eancia e a responsabiliza\u00e7\u00e3o na governa\u00e7\u00e3o da Universidade e em tudo o que fazemos.<\/p>","protected":false},"excerpt":{"rendered":"<p>Vis\u00e3o Queremos ser a melhor Universidade de ensino e investigac\u0327a\u0303o cienti\u0301fica de Timor-Leste, proporcionando uma educac\u0327a\u0303o moral, espiritual e intelectual de toda a pessoa humana, formando os futuros li\u0301deres do pa\u00eds e do mundo sob os auspi\u0301cios da fe\u0301 cato\u0301lica. Miss\u00e3o A missa\u0303o da UCT e\u0301 promover a criac\u0327a\u0303o, transmissa\u0303o e difusa\u0303o cri\u0301tica da cie\u0302ncia, [&hellip;]<\/p>","protected":false},"author":1,"featured_media":0,"parent":147,"menu_order":0,"comment_status":"closed","ping_status":"closed","template":"","meta":{"_eb_attr":"","footnotes":""},"class_list":["post-237","page","type-page","status-publish","hentry","entry"],"_links":{"self":[{"href":"http:\/\/uct.edu.tl\/en\/wp-json\/wp\/v2\/pages\/237","targetHints":{"allow":["GET"]}}],"collection":[{"href":"http:\/\/uct.edu.tl\/en\/wp-json\/wp\/v2\/pages"}],"about":[{"href":"http:\/\/uct.edu.tl\/en\/wp-json\/wp\/v2\/types\/page"}],"author":[{"embeddable":true,"href":"http:\/\/uct.edu.tl\/en\/wp-json\/wp\/v2\/users\/1"}],"replies":[{"embeddable":true,"href":"http:\/\/uct.edu.tl\/en\/wp-json\/wp\/v2\/comments?post=237"}],"version-history":[{"count":13,"href":"http:\/\/uct.edu.tl\/en\/wp-json\/wp\/v2\/pages\/237\/revisions"}],"predecessor-version":[{"id":842,"href":"http:\/\/uct.edu.tl\/en\/wp-json\/wp\/v2\/pages\/237\/revisions\/842"}],"up":[{"embeddable":true,"href":"http:\/\/uct.edu.tl\/en\/wp-json\/wp\/v2\/pages\/147"}],"wp:attachment":[{"href":"http:\/\/uct.edu.tl\/en\/wp-json\/wp\/v2\/media?parent=237"}],"curies":[{"name":"wp","href":"https:\/\/api.w.org\/{rel}","templated":true}]}}