{"id":279,"date":"2023-11-23T14:58:54","date_gmt":"2023-11-23T14:58:54","guid":{"rendered":"https:\/\/uct.edu.tl\/?page_id=279"},"modified":"2024-06-24T02:51:46","modified_gmt":"2024-06-24T02:51:46","slug":"noticias-cerimonia-do-primeiro-capping-day-na-uct","status":"publish","type":"page","link":"http:\/\/uct.edu.tl\/en\/noticias-cerimonia-do-primeiro-capping-day-na-uct\/","title":{"rendered":"Cerim\u00f4nia do Primeiro Capping Day na (UCT)"},"content":{"rendered":"<div data-elementor-type=\"wp-page\" data-elementor-id=\"279\" class=\"elementor elementor-279\">\n\t\t\t\t<div class=\"elementor-element elementor-element-4a66dbb e-flex e-con-boxed e-con e-parent\" data-id=\"4a66dbb\" data-element_type=\"container\">\n\t\t\t\t\t<div class=\"e-con-inner\">\n\t\t\t\t<div class=\"elementor-element elementor-element-c647822 elementor-widget elementor-widget-heading\" data-id=\"c647822\" data-element_type=\"widget\" data-widget_type=\"heading.default\">\n\t\t\t\t<div class=\"elementor-widget-container\">\n\t\t\t<style>\/*! elementor - v3.21.0 - 26-05-2024 *\/\n.elementor-heading-title{padding:0;margin:0;line-height:1}.elementor-widget-heading .elementor-heading-title[class*=elementor-size-]>a{color:inherit;font-size:inherit;line-height:inherit}.elementor-widget-heading .elementor-heading-title.elementor-size-small{font-size:15px}.elementor-widget-heading .elementor-heading-title.elementor-size-medium{font-size:19px}.elementor-widget-heading .elementor-heading-title.elementor-size-large{font-size:29px}.elementor-widget-heading .elementor-heading-title.elementor-size-xl{font-size:39px}.elementor-widget-heading .elementor-heading-title.elementor-size-xxl{font-size:59px}<\/style><h2 class=\"elementor-heading-title elementor-size-default\">CHEFE DA CASA CIVIL REPRESENTA PRESID\u00caNCIA NA SOLENIDADE DE ENCERRAMENTO E JURAMENTO FLORENCE NIGHTINGALE DOS ESTUDANTES DE ENFERMAGEM DA UCT<\/h2>\t\t<\/div>\n\t\t\t\t<\/div>\n\t\t\t\t\t<\/div>\n\t\t\t\t<\/div>\n\t\t<div class=\"elementor-element elementor-element-0b786b6 e-flex e-con-boxed e-con e-parent\" data-id=\"0b786b6\" data-element_type=\"container\">\n\t\t\t\t\t<div class=\"e-con-inner\">\n\t\t\t\t<div class=\"elementor-element elementor-element-2c2f0bd elementor-invisible elementor-widget elementor-widget-image\" data-id=\"2c2f0bd\" data-element_type=\"widget\" data-settings=\"{&quot;_animation&quot;:&quot;fadeInRight&quot;,&quot;_animation_mobile&quot;:&quot;none&quot;}\" data-widget_type=\"image.default\">\n\t\t\t\t<div class=\"elementor-widget-container\">\n\t\t\t<style>\/*! elementor - v3.21.0 - 26-05-2024 *\/\n.elementor-widget-image{text-align:center}.elementor-widget-image a{display:inline-block}.elementor-widget-image a img[src$=\".svg\"]{width:48px}.elementor-widget-image img{vertical-align:middle;display:inline-block}<\/style>\t\t\t\t\t\t\t\t\t\t<img fetchpriority=\"high\" decoding=\"async\" width=\"1024\" height=\"619\" src=\"https:\/\/uct.edu.tl\/wp-content\/uploads\/2023\/11\/WhatsApp-Image-2023-11-22-at-23.54.07-1024x619.jpeg\" class=\"attachment-large size-large wp-image-282\" alt=\"\" srcset=\"https:\/\/uct.edu.tl\/wp-content\/uploads\/2023\/11\/WhatsApp-Image-2023-11-22-at-23.54.07-1024x619.jpeg 1024w, https:\/\/uct.edu.tl\/wp-content\/uploads\/2023\/11\/WhatsApp-Image-2023-11-22-at-23.54.07-300x181.jpeg 300w, https:\/\/uct.edu.tl\/wp-content\/uploads\/2023\/11\/WhatsApp-Image-2023-11-22-at-23.54.07-768x464.jpeg 768w, https:\/\/uct.edu.tl\/wp-content\/uploads\/2023\/11\/WhatsApp-Image-2023-11-22-at-23.54.07-1536x928.jpeg 1536w, https:\/\/uct.edu.tl\/wp-content\/uploads\/2023\/11\/WhatsApp-Image-2023-11-22-at-23.54.07.jpeg 1600w\" sizes=\"(max-width: 1024px) 100vw, 1024px\" \/>\t\t\t\t\t\t\t\t\t\t\t\t\t<\/div>\n\t\t\t\t<\/div>\n\t\t\t\t\t<\/div>\n\t\t\t\t<\/div>\n\t\t<div class=\"elementor-element elementor-element-c6fc99d e-flex e-con-boxed e-con e-parent\" data-id=\"c6fc99d\" data-element_type=\"container\">\n\t\t\t\t\t<div class=\"e-con-inner\">\n\t\t\t\t<div class=\"elementor-element elementor-element-e1d7409 elementor-invisible elementor-widget elementor-widget-text-editor\" data-id=\"e1d7409\" data-element_type=\"widget\" data-settings=\"{&quot;_animation&quot;:&quot;fadeInRight&quot;,&quot;_animation_mobile&quot;:&quot;none&quot;}\" data-widget_type=\"text-editor.default\">\n\t\t\t\t<div class=\"elementor-widget-container\">\n\t\t\t<style>\/*! elementor - v3.21.0 - 26-05-2024 *\/\n.elementor-widget-text-editor.elementor-drop-cap-view-stacked .elementor-drop-cap{background-color:#69727d;color:#fff}.elementor-widget-text-editor.elementor-drop-cap-view-framed .elementor-drop-cap{color:#69727d;border:3px solid;background-color:transparent}.elementor-widget-text-editor:not(.elementor-drop-cap-view-default) .elementor-drop-cap{margin-top:8px}.elementor-widget-text-editor:not(.elementor-drop-cap-view-default) .elementor-drop-cap-letter{width:1em;height:1em}.elementor-widget-text-editor .elementor-drop-cap{float:left;text-align:center;line-height:1;font-size:50px}.elementor-widget-text-editor .elementor-drop-cap-letter{display:inline-block}<\/style>\t\t\t\t<p><strong>Universidade Cat\u00f3lica de Timor-Leste, D\u00edli, 22 de Novembro de 2023<\/strong><br \/>Na Ter\u00e7a-feira, 22 de Novembro de 2023, a Chefe da Casa Civil Sra. Jesu\u00edna Maria Gomes representou a Presid\u00eancia na solenidade de encerramento e juramento Florence <em>Nightingale<\/em> dos estudantes do Curso de Enfermagem da Universidade Cat\u00f3lica de Timor-Leste (UCT). O Juramento Florence <em>Nightingale<\/em> \u00e9 uma promessa solene que os estudantes de enfermagem fazem pela sa\u00fade e vida dos outros.<br \/>Esta atividade \u00e9 parte dos esfor\u00e7os cont\u00ednuos da UCT para melhoria da educa\u00e7\u00e3o no pa\u00eds, especialmente no setor de sa\u00fade. A Universidade Cat\u00f3lica de Timor-Leste continua se esfor\u00e7ando para progredir a \u00e1rea de sa\u00fade no pa\u00eds, especialmente no cuidado adequado de pacientes doentes. O Cardeal Dom Virg\u00edlio do Carmo da Silva SDB parabenizou os novos enfermeiros pelo seu importante contributo para o futuro do pa\u00eds.<\/p>\t\t\t\t\t\t<\/div>\n\t\t\t\t<\/div>\n\t\t\t\t\t<\/div>\n\t\t\t\t<\/div>\n\t\t<div class=\"elementor-element elementor-element-811046e e-flex e-con-boxed e-con e-parent\" data-id=\"811046e\" data-element_type=\"container\">\n\t\t\t\t\t<div class=\"e-con-inner\">\n\t\t<div class=\"elementor-element elementor-element-b01150e e-con-full e-flex e-con e-child\" data-id=\"b01150e\" data-element_type=\"container\">\n\t\t\t\t<div class=\"elementor-element elementor-element-a2bd986 elementor-invisible elementor-widget elementor-widget-image\" data-id=\"a2bd986\" data-element_type=\"widget\" data-settings=\"{&quot;_animation&quot;:&quot;fadeInRight&quot;,&quot;_animation_mobile&quot;:&quot;none&quot;}\" data-widget_type=\"image.default\">\n\t\t\t\t<div class=\"elementor-widget-container\">\n\t\t\t\t\t\t\t\t\t\t\t\t\t<img decoding=\"async\" width=\"1024\" height=\"682\" src=\"https:\/\/uct.edu.tl\/wp-content\/uploads\/2023\/11\/WhatsApp-Image-2023-11-22-at-23.54.07-1-1-1024x682.jpeg\" class=\"attachment-large size-large wp-image-292\" alt=\"\" srcset=\"https:\/\/uct.edu.tl\/wp-content\/uploads\/2023\/11\/WhatsApp-Image-2023-11-22-at-23.54.07-1-1-1024x682.jpeg 1024w, https:\/\/uct.edu.tl\/wp-content\/uploads\/2023\/11\/WhatsApp-Image-2023-11-22-at-23.54.07-1-1-300x200.jpeg 300w, https:\/\/uct.edu.tl\/wp-content\/uploads\/2023\/11\/WhatsApp-Image-2023-11-22-at-23.54.07-1-1-768x512.jpeg 768w, https:\/\/uct.edu.tl\/wp-content\/uploads\/2023\/11\/WhatsApp-Image-2023-11-22-at-23.54.07-1-1-1536x1023.jpeg 1536w, https:\/\/uct.edu.tl\/wp-content\/uploads\/2023\/11\/WhatsApp-Image-2023-11-22-at-23.54.07-1-1.jpeg 1600w\" sizes=\"(max-width: 1024px) 100vw, 1024px\" \/>\t\t\t\t\t\t\t\t\t\t\t\t\t<\/div>\n\t\t\t\t<\/div>\n\t\t\t\t<\/div>\n\t\t<div class=\"elementor-element elementor-element-0d32d27 e-con-full e-flex e-con e-child\" data-id=\"0d32d27\" data-element_type=\"container\">\n\t\t<div class=\"elementor-element elementor-element-776da39 e-flex e-con-boxed e-con e-child\" data-id=\"776da39\" data-element_type=\"container\">\n\t\t\t\t\t<div class=\"e-con-inner\">\n\t\t\t\t<div class=\"elementor-element elementor-element-f63529e elementor-invisible elementor-widget elementor-widget-image\" data-id=\"f63529e\" data-element_type=\"widget\" data-settings=\"{&quot;_animation&quot;:&quot;fadeInRight&quot;,&quot;_animation_mobile&quot;:&quot;none&quot;}\" data-widget_type=\"image.default\">\n\t\t\t\t<div class=\"elementor-widget-container\">\n\t\t\t\t\t\t\t\t\t\t\t\t\t<img decoding=\"async\" width=\"1024\" height=\"682\" src=\"https:\/\/uct.edu.tl\/wp-content\/uploads\/2023\/11\/WhatsApp-Image-2023-11-22-at-23.54.05-1024x682.jpeg\" class=\"attachment-large size-large wp-image-283\" alt=\"\" srcset=\"https:\/\/uct.edu.tl\/wp-content\/uploads\/2023\/11\/WhatsApp-Image-2023-11-22-at-23.54.05-1024x682.jpeg 1024w, https:\/\/uct.edu.tl\/wp-content\/uploads\/2023\/11\/WhatsApp-Image-2023-11-22-at-23.54.05-300x200.jpeg 300w, https:\/\/uct.edu.tl\/wp-content\/uploads\/2023\/11\/WhatsApp-Image-2023-11-22-at-23.54.05-768x512.jpeg 768w, https:\/\/uct.edu.tl\/wp-content\/uploads\/2023\/11\/WhatsApp-Image-2023-11-22-at-23.54.05-1536x1023.jpeg 1536w, https:\/\/uct.edu.tl\/wp-content\/uploads\/2023\/11\/WhatsApp-Image-2023-11-22-at-23.54.05.jpeg 1600w\" sizes=\"(max-width: 1024px) 100vw, 1024px\" \/>\t\t\t\t\t\t\t\t\t\t\t\t\t<\/div>\n\t\t\t\t<\/div>\n\t\t\t\t\t<\/div>\n\t\t\t\t<\/div>\n\t\t<div class=\"elementor-element elementor-element-5e3aac4 e-flex e-con-boxed e-con e-child\" data-id=\"5e3aac4\" data-element_type=\"container\">\n\t\t\t\t\t<div class=\"e-con-inner\">\n\t\t\t\t<div class=\"elementor-element elementor-element-cd07a97 elementor-invisible elementor-widget elementor-widget-image\" data-id=\"cd07a97\" data-element_type=\"widget\" data-settings=\"{&quot;_animation&quot;:&quot;fadeInRight&quot;,&quot;_animation_mobile&quot;:&quot;none&quot;}\" data-widget_type=\"image.default\">\n\t\t\t\t<div class=\"elementor-widget-container\">\n\t\t\t\t\t\t\t\t\t\t\t\t\t<img loading=\"lazy\" decoding=\"async\" width=\"1024\" height=\"588\" src=\"https:\/\/uct.edu.tl\/wp-content\/uploads\/2023\/11\/WhatsApp-Image-2023-11-22-at-23.54.08-1024x588.jpeg\" class=\"attachment-large size-large wp-image-281\" alt=\"\" srcset=\"https:\/\/uct.edu.tl\/wp-content\/uploads\/2023\/11\/WhatsApp-Image-2023-11-22-at-23.54.08-1024x588.jpeg 1024w, https:\/\/uct.edu.tl\/wp-content\/uploads\/2023\/11\/WhatsApp-Image-2023-11-22-at-23.54.08-300x172.jpeg 300w, https:\/\/uct.edu.tl\/wp-content\/uploads\/2023\/11\/WhatsApp-Image-2023-11-22-at-23.54.08-768x441.jpeg 768w, https:\/\/uct.edu.tl\/wp-content\/uploads\/2023\/11\/WhatsApp-Image-2023-11-22-at-23.54.08-1536x882.jpeg 1536w, https:\/\/uct.edu.tl\/wp-content\/uploads\/2023\/11\/WhatsApp-Image-2023-11-22-at-23.54.08.jpeg 1600w\" sizes=\"(max-width: 1024px) 100vw, 1024px\" \/>\t\t\t\t\t\t\t\t\t\t\t\t\t<\/div>\n\t\t\t\t<\/div>\n\t\t\t\t\t<\/div>\n\t\t\t\t<\/div>\n\t\t\t\t<\/div>\n\t\t\t\t\t<\/div>\n\t\t\t\t<\/div>\n\t\t\t\t<\/div>","protected":false},"excerpt":{"rendered":"<p>CHEFE DA CASA CIVIL REPRESENTA PRESID\u00caNCIA NA SOLENIDADE DE ENCERRAMENTO E JURAMENTO FLORENCE NIGHTINGALE DOS ESTUDANTES DE ENFERMAGEM DA UCT Universidade Cat\u00f3lica de Timor-Leste, D\u00edli, 22 de Novembro de 2023Na Ter\u00e7a-feira, 22 de Novembro de 2023, a Chefe da Casa Civil Sra. Jesu\u00edna Maria Gomes representou a Presid\u00eancia na solenidade de encerramento e juramento Florence [&hellip;]<\/p>","protected":false},"author":1,"featured_media":0,"parent":0,"menu_order":0,"comment_status":"closed","ping_status":"closed","template":"","meta":{"_eb_attr":"","footnotes":""},"class_list":["post-279","page","type-page","status-publish","hentry","entry"],"_links":{"self":[{"href":"http:\/\/uct.edu.tl\/en\/wp-json\/wp\/v2\/pages\/279","targetHints":{"allow":["GET"]}}],"collection":[{"href":"http:\/\/uct.edu.tl\/en\/wp-json\/wp\/v2\/pages"}],"about":[{"href":"http:\/\/uct.edu.tl\/en\/wp-json\/wp\/v2\/types\/page"}],"author":[{"embeddable":true,"href":"http:\/\/uct.edu.tl\/en\/wp-json\/wp\/v2\/users\/1"}],"replies":[{"embeddable":true,"href":"http:\/\/uct.edu.tl\/en\/wp-json\/wp\/v2\/comments?post=279"}],"version-history":[{"count":14,"href":"http:\/\/uct.edu.tl\/en\/wp-json\/wp\/v2\/pages\/279\/revisions"}],"predecessor-version":[{"id":322,"href":"http:\/\/uct.edu.tl\/en\/wp-json\/wp\/v2\/pages\/279\/revisions\/322"}],"wp:attachment":[{"href":"http:\/\/uct.edu.tl\/en\/wp-json\/wp\/v2\/media?parent=279"}],"curies":[{"name":"wp","href":"https:\/\/api.w.org\/{rel}","templated":true}]}}