{"id":75,"date":"2023-11-22T16:18:11","date_gmt":"2023-11-22T16:18:11","guid":{"rendered":"https:\/\/uct.edu.tl\/?page_id=75"},"modified":"2024-07-08T04:24:20","modified_gmt":"2024-07-08T04:24:20","slug":"contacto","status":"publish","type":"page","link":"http:\/\/uct.edu.tl\/en\/contacto\/","title":{"rendered":"Contact"},"content":{"rendered":"<p><strong>Universidade Cat\u00f3lica Timorense (UCT) S. Jo\u00e3o Paulo II<\/strong><\/p>\n\n\n\n<p>Adress: Rua de 12 de Novembro, Balide, D\u00edli, Timor-Leste<\/p>\n\n\n\n<p>Tel: (+670)  3310224; 78069337<\/p>\n\n\n\n<p>E-mail: universidadecatolicatimorense@gmail.com<\/p>\n\n\n\n<p>Website: uct.edu.tl<\/p>","protected":false},"excerpt":{"rendered":"<p>Universidade Cat\u00f3lica Timorense (UCT) S. Jo\u00e3o Paulo II Adress: Rua de 12 de Novembro, Balide, D\u00edli, Timor-Leste Tel: (+670) 3310224; 78069337 E-mail: universidadecatolicatimorense@gmail.com Website: uct.edu.tl<\/p>","protected":false},"author":1,"featured_media":0,"parent":0,"menu_order":0,"comment_status":"closed","ping_status":"closed","template":"","meta":{"_eb_attr":"","footnotes":""},"class_list":["post-75","page","type-page","status-publish","hentry","entry"],"_links":{"self":[{"href":"http:\/\/uct.edu.tl\/en\/wp-json\/wp\/v2\/pages\/75","targetHints":{"allow":["GET"]}}],"collection":[{"href":"http:\/\/uct.edu.tl\/en\/wp-json\/wp\/v2\/pages"}],"about":[{"href":"http:\/\/uct.edu.tl\/en\/wp-json\/wp\/v2\/types\/page"}],"author":[{"embeddable":true,"href":"http:\/\/uct.edu.tl\/en\/wp-json\/wp\/v2\/users\/1"}],"replies":[{"embeddable":true,"href":"http:\/\/uct.edu.tl\/en\/wp-json\/wp\/v2\/comments?post=75"}],"version-history":[{"count":4,"href":"http:\/\/uct.edu.tl\/en\/wp-json\/wp\/v2\/pages\/75\/revisions"}],"predecessor-version":[{"id":839,"href":"http:\/\/uct.edu.tl\/en\/wp-json\/wp\/v2\/pages\/75\/revisions\/839"}],"wp:attachment":[{"href":"http:\/\/uct.edu.tl\/en\/wp-json\/wp\/v2\/media?parent=75"}],"curies":[{"name":"wp","href":"https:\/\/api.w.org\/{rel}","templated":true}]}}