{"id":77,"date":"2023-11-22T16:18:39","date_gmt":"2023-11-22T16:18:39","guid":{"rendered":"https:\/\/uct.edu.tl\/?page_id=77"},"modified":"2024-07-08T08:10:06","modified_gmt":"2024-07-08T08:10:06","slug":"noticias","status":"publish","type":"page","link":"http:\/\/uct.edu.tl\/en\/novidades\/noticias\/","title":{"rendered":"Not\u00edcias"},"content":{"rendered":"<div data-elementor-type=\"wp-page\" data-elementor-id=\"77\" class=\"elementor elementor-77\">\n\t\t\t\t<div class=\"elementor-element elementor-element-30e04fa e-flex e-con-boxed e-con e-parent\" data-id=\"30e04fa\" data-element_type=\"container\">\n\t\t\t\t\t<div class=\"e-con-inner\">\n\t\t\t\t<div class=\"elementor-element elementor-element-64a7888 elementor-widget elementor-widget-heading\" data-id=\"64a7888\" data-element_type=\"widget\" data-widget_type=\"heading.default\">\n\t\t\t\t<div class=\"elementor-widget-container\">\n\t\t\t<style>\/*! elementor - v3.21.0 - 26-05-2024 *\/\n.elementor-heading-title{padding:0;margin:0;line-height:1}.elementor-widget-heading .elementor-heading-title[class*=elementor-size-]>a{color:inherit;font-size:inherit;line-height:inherit}.elementor-widget-heading .elementor-heading-title.elementor-size-small{font-size:15px}.elementor-widget-heading .elementor-heading-title.elementor-size-medium{font-size:19px}.elementor-widget-heading .elementor-heading-title.elementor-size-large{font-size:29px}.elementor-widget-heading .elementor-heading-title.elementor-size-xl{font-size:39px}.elementor-widget-heading .elementor-heading-title.elementor-size-xxl{font-size:59px}<\/style><h2 class=\"elementor-heading-title elementor-size-default\"><b>NEWS<\/b><\/h2>\t\t<\/div>\n\t\t\t\t<\/div>\n\t\t\t\t\t<\/div>\n\t\t\t\t<\/div>\n\t\t<div class=\"elementor-element elementor-element-191819b e-flex e-con-boxed e-con e-parent\" data-id=\"191819b\" data-element_type=\"container\">\n\t\t\t\t\t<div class=\"e-con-inner\">\n\t\t<div class=\"elementor-element elementor-element-8d44397 e-con-full e-flex e-con e-child\" data-id=\"8d44397\" data-element_type=\"container\">\n\t\t\t\t<div class=\"elementor-element elementor-element-48e6be6 elementor-widget elementor-widget-image\" data-id=\"48e6be6\" data-element_type=\"widget\" data-widget_type=\"image.default\">\n\t\t\t\t<div class=\"elementor-widget-container\">\n\t\t\t<style>\/*! elementor - v3.21.0 - 26-05-2024 *\/\n.elementor-widget-image{text-align:center}.elementor-widget-image a{display:inline-block}.elementor-widget-image a img[src$=\".svg\"]{width:48px}.elementor-widget-image img{vertical-align:middle;display:inline-block}<\/style>\t\t\t\t\t\t\t\t\t\t\t<a href=\"http:\/\/uct.edu.tl\/en\/noticias-registracao-novos-estudantes-2024\/\">\n\t\t\t\t\t\t\t<img fetchpriority=\"high\" decoding=\"async\" width=\"1024\" height=\"723\" src=\"https:\/\/uct.edu.tl\/wp-content\/uploads\/2023\/12\/Untitled-2_11zon-2-1024x723.jpg\" class=\"attachment-large size-large wp-image-418\" alt=\"\" srcset=\"https:\/\/uct.edu.tl\/wp-content\/uploads\/2023\/12\/Untitled-2_11zon-2-1024x723.jpg 1024w, https:\/\/uct.edu.tl\/wp-content\/uploads\/2023\/12\/Untitled-2_11zon-2-300x212.jpg 300w, https:\/\/uct.edu.tl\/wp-content\/uploads\/2023\/12\/Untitled-2_11zon-2-768x542.jpg 768w, https:\/\/uct.edu.tl\/wp-content\/uploads\/2023\/12\/Untitled-2_11zon-2-1536x1084.jpg 1536w, https:\/\/uct.edu.tl\/wp-content\/uploads\/2023\/12\/Untitled-2_11zon-2-2048x1446.jpg 2048w\" sizes=\"(max-width: 1024px) 100vw, 1024px\" \/>\t\t\t\t\t\t\t\t<\/a>\n\t\t\t\t\t\t\t\t\t\t\t\t\t<\/div>\n\t\t\t\t<\/div>\n\t\t\t\t<div class=\"elementor-element elementor-element-2f3f0e1 elementor-widget elementor-widget-heading\" data-id=\"2f3f0e1\" data-element_type=\"widget\" data-widget_type=\"heading.default\">\n\t\t\t\t<div class=\"elementor-widget-container\">\n\t\t\t<span class=\"elementor-heading-title elementor-size-default\">Information about the New Student Registration starting on December 4th, 2023 until January 12th, 2024<\/span>\t\t<\/div>\n\t\t\t\t<\/div>\n\t\t\t\t<\/div>\n\t\t<div class=\"elementor-element elementor-element-5a50179 e-con-full e-flex e-con e-child\" data-id=\"5a50179\" data-element_type=\"container\">\n\t\t\t\t<div class=\"elementor-element elementor-element-6d95798 elementor-widget elementor-widget-image\" data-id=\"6d95798\" data-element_type=\"widget\" data-widget_type=\"image.default\">\n\t\t\t\t<div class=\"elementor-widget-container\">\n\t\t\t\t\t\t\t\t\t\t\t\t\t\t<a href=\"http:\/\/uct.edu.tl\/en\/noticias-concurso-publico-para-o-recrutamento-de-docentes-universitarios-universidade-catolica-timorense-ano-de-2023\/\">\n\t\t\t\t\t\t\t<img decoding=\"async\" width=\"1024\" height=\"587\" src=\"https:\/\/uct.edu.tl\/wp-content\/uploads\/2023\/12\/406352232_329132936560611_7658755447607270934_n-e1701737967747-1024x587.jpeg\" class=\"attachment-large size-large wp-image-433\" alt=\"\" srcset=\"https:\/\/uct.edu.tl\/wp-content\/uploads\/2023\/12\/406352232_329132936560611_7658755447607270934_n-e1701737967747-1024x587.jpeg 1024w, https:\/\/uct.edu.tl\/wp-content\/uploads\/2023\/12\/406352232_329132936560611_7658755447607270934_n-e1701737967747-300x172.jpeg 300w, https:\/\/uct.edu.tl\/wp-content\/uploads\/2023\/12\/406352232_329132936560611_7658755447607270934_n-e1701737967747-768x440.jpeg 768w, https:\/\/uct.edu.tl\/wp-content\/uploads\/2023\/12\/406352232_329132936560611_7658755447607270934_n-e1701737967747.jpeg 1146w\" sizes=\"(max-width: 1024px) 100vw, 1024px\" \/>\t\t\t\t\t\t\t\t<\/a>\n\t\t\t\t\t\t\t\t\t\t\t\t\t<\/div>\n\t\t\t\t<\/div>\n\t\t\t\t<div class=\"elementor-element elementor-element-3220edd elementor-widget elementor-widget-heading\" data-id=\"3220edd\" data-element_type=\"widget\" data-widget_type=\"heading.default\">\n\t\t\t\t<div class=\"elementor-widget-container\">\n\t\t\t<span class=\"elementor-heading-title elementor-size-default\">Public Competition for the Recruitment of University Teachers Timorese Catholic University Year 2023<\/span>\t\t<\/div>\n\t\t\t\t<\/div>\n\t\t\t\t<\/div>\n\t\t<div class=\"elementor-element elementor-element-3611a15 e-con-full e-flex e-con e-child\" data-id=\"3611a15\" data-element_type=\"container\">\n\t\t\t\t<div class=\"elementor-element elementor-element-8554468 elementor-widget elementor-widget-image\" data-id=\"8554468\" data-element_type=\"widget\" data-widget_type=\"image.default\">\n\t\t\t\t<div class=\"elementor-widget-container\">\n\t\t\t\t\t\t\t\t\t\t\t\t\t\t<a href=\"http:\/\/uct.edu.tl\/en\/noticias-cerimonia-do-primeiro-capping-day-na-uct\/\">\n\t\t\t\t\t\t\t<img decoding=\"async\" width=\"1024\" height=\"588\" src=\"https:\/\/uct.edu.tl\/wp-content\/uploads\/2023\/11\/WhatsApp-Image-2023-11-22-at-23.54.08-1024x588.jpeg\" class=\"attachment-large size-large wp-image-281\" alt=\"\" srcset=\"https:\/\/uct.edu.tl\/wp-content\/uploads\/2023\/11\/WhatsApp-Image-2023-11-22-at-23.54.08-1024x588.jpeg 1024w, https:\/\/uct.edu.tl\/wp-content\/uploads\/2023\/11\/WhatsApp-Image-2023-11-22-at-23.54.08-300x172.jpeg 300w, https:\/\/uct.edu.tl\/wp-content\/uploads\/2023\/11\/WhatsApp-Image-2023-11-22-at-23.54.08-768x441.jpeg 768w, https:\/\/uct.edu.tl\/wp-content\/uploads\/2023\/11\/WhatsApp-Image-2023-11-22-at-23.54.08-1536x882.jpeg 1536w, https:\/\/uct.edu.tl\/wp-content\/uploads\/2023\/11\/WhatsApp-Image-2023-11-22-at-23.54.08.jpeg 1600w\" sizes=\"(max-width: 1024px) 100vw, 1024px\" \/>\t\t\t\t\t\t\t\t<\/a>\n\t\t\t\t\t\t\t\t\t\t\t\t\t<\/div>\n\t\t\t\t<\/div>\n\t\t\t\t<div class=\"elementor-element elementor-element-43aad1f elementor-widget elementor-widget-heading\" data-id=\"43aad1f\" data-element_type=\"widget\" data-widget_type=\"heading.default\">\n\t\t\t\t<div class=\"elementor-widget-container\">\n\t\t\t<span class=\"elementor-heading-title elementor-size-default\">Cerimoria do primeira Capping Day e juramento nightingale dos estudantes do curso de Enfermagem, Faculdade de Ci\u00eancia Medicas, na UNIVERCIDADE CAT\u00d3LICA TIMORENSE (UCT) S\u00e3o Jo\u00e3o PAULO II, NO<\/span>\t\t<\/div>\n\t\t\t\t<\/div>\n\t\t\t\t<\/div>\n\t\t\t\t\t<\/div>\n\t\t\t\t<\/div>\n\t\t<div class=\"elementor-element elementor-element-32c2152 e-con-full e-flex e-con e-parent\" data-id=\"32c2152\" data-element_type=\"container\">\n\t\t<div class=\"elementor-element elementor-element-6f9af29 e-con-full e-flex e-con e-child\" data-id=\"6f9af29\" data-element_type=\"container\">\n\t\t\t\t<div class=\"elementor-element elementor-element-2f8a723 elementor-widget elementor-widget-image\" data-id=\"2f8a723\" data-element_type=\"widget\" data-widget_type=\"image.default\">\n\t\t\t\t<div class=\"elementor-widget-container\">\n\t\t\t\t\t\t\t\t\t\t\t\t\t<img loading=\"lazy\" decoding=\"async\" width=\"960\" height=\"640\" src=\"https:\/\/uct.edu.tl\/wp-content\/uploads\/2023\/11\/a.webp\" class=\"attachment-large size-large wp-image-40\" alt=\"\" srcset=\"https:\/\/uct.edu.tl\/wp-content\/uploads\/2023\/11\/a.webp 960w, https:\/\/uct.edu.tl\/wp-content\/uploads\/2023\/11\/a-300x200.webp 300w, https:\/\/uct.edu.tl\/wp-content\/uploads\/2023\/11\/a-768x512.webp 768w\" sizes=\"(max-width: 960px) 100vw, 960px\" \/>\t\t\t\t\t\t\t\t\t\t\t\t\t<\/div>\n\t\t\t\t<\/div>\n\t\t\t\t<div class=\"elementor-element elementor-element-e6fdeb1 elementor-widget elementor-widget-heading\" data-id=\"e6fdeb1\" data-element_type=\"widget\" data-widget_type=\"heading.default\">\n\t\t\t\t<div class=\"elementor-widget-container\">\n\t\t\t<span class=\"elementor-heading-title elementor-size-default\">\u201cAlmost 20 years after the restoration of independence, with great joy we celebrate the inauguration of the Catholic University of Timor, with the patron saint Saint John Paul II\u201d, stated the head of the Government of Timor-Leste, Taur Matan Ruak.<\/span>\t\t<\/div>\n\t\t\t\t<\/div>\n\t\t\t\t<\/div>\n\t\t<div class=\"elementor-element elementor-element-9005739 e-con-full e-flex e-con e-child\" data-id=\"9005739\" data-element_type=\"container\">\n\t\t\t\t<\/div>\n\t\t<div class=\"elementor-element elementor-element-4eb04b6 e-con-full e-flex e-con e-child\" data-id=\"4eb04b6\" data-element_type=\"container\">\n\t\t\t\t<\/div>\n\t\t\t\t<\/div>\n\t\t\t\t<\/div>","protected":false},"excerpt":{"rendered":"<p>NOT\u00cdCIAS Informa\u00e7\u00e3o com Registra\u00e7\u00e3o novos estudante come\u00e7ar dia, 04 de dezembro 2023 ate 12 de janeiro 2024 Concurso P\u00fablico para o Recrutamento de Docentes Universit\u00e1rios Universidade Cat\u00f3lica Timorense Ano de 2023 Cerimoria do primeira Capping Day e juramento nightingale dos estudantes do curso de Enfermagem, Faculdade de Ci\u00eancia Medicas, na UNIVERCIDADE CAT\u00d3LICA TIMORENSE (UCT) S\u00e3o [&hellip;]<\/p>","protected":false},"author":1,"featured_media":0,"parent":746,"menu_order":0,"comment_status":"closed","ping_status":"closed","template":"brizy-blank-template.php","meta":{"_eb_attr":"","footnotes":""},"class_list":["post-77","page","type-page","status-publish","hentry","entry"],"_links":{"self":[{"href":"http:\/\/uct.edu.tl\/en\/wp-json\/wp\/v2\/pages\/77","targetHints":{"allow":["GET"]}}],"collection":[{"href":"http:\/\/uct.edu.tl\/en\/wp-json\/wp\/v2\/pages"}],"about":[{"href":"http:\/\/uct.edu.tl\/en\/wp-json\/wp\/v2\/types\/page"}],"author":[{"embeddable":true,"href":"http:\/\/uct.edu.tl\/en\/wp-json\/wp\/v2\/users\/1"}],"replies":[{"embeddable":true,"href":"http:\/\/uct.edu.tl\/en\/wp-json\/wp\/v2\/comments?post=77"}],"version-history":[{"count":57,"href":"http:\/\/uct.edu.tl\/en\/wp-json\/wp\/v2\/pages\/77\/revisions"}],"predecessor-version":[{"id":844,"href":"http:\/\/uct.edu.tl\/en\/wp-json\/wp\/v2\/pages\/77\/revisions\/844"}],"up":[{"embeddable":true,"href":"http:\/\/uct.edu.tl\/en\/wp-json\/wp\/v2\/pages\/746"}],"wp:attachment":[{"href":"http:\/\/uct.edu.tl\/en\/wp-json\/wp\/v2\/media?parent=77"}],"curies":[{"name":"wp","href":"https:\/\/api.w.org\/{rel}","templated":true}]}}