{"id":121,"date":"2023-11-23T01:26:11","date_gmt":"2023-11-23T01:26:11","guid":{"rendered":"https:\/\/uct.edu.tl\/?page_id=121"},"modified":"2024-06-24T02:50:50","modified_gmt":"2024-06-24T02:50:50","slug":"noticias-registracao-novos-estudantes-2024","status":"publish","type":"page","link":"https:\/\/uct.edu.tl\/en\/noticias-registracao-novos-estudantes-2024\/","title":{"rendered":"Registra\u00e7\u00e3o novos estudantes"},"content":{"rendered":"<p style=\"text-align: center;\"><strong>UNIVERSIDADE CAT\u00d3LICA TIMORENSE<\/strong><\/p>\n\n\n<figure class=\"wp-block-image size-large\"><img fetchpriority=\"high\" decoding=\"async\" width=\"1024\" height=\"723\" src=\"https:\/\/uct.edu.tl\/wp-content\/uploads\/2023\/12\/Untitled-2_11zon-2-1024x723.jpg\" alt=\"\" class=\"wp-image-418\" srcset=\"https:\/\/uct.edu.tl\/wp-content\/uploads\/2023\/12\/Untitled-2_11zon-2-1024x723.jpg 1024w, https:\/\/uct.edu.tl\/wp-content\/uploads\/2023\/12\/Untitled-2_11zon-2-300x212.jpg 300w, https:\/\/uct.edu.tl\/wp-content\/uploads\/2023\/12\/Untitled-2_11zon-2-768x542.jpg 768w, https:\/\/uct.edu.tl\/wp-content\/uploads\/2023\/12\/Untitled-2_11zon-2-1536x1084.jpg 1536w, https:\/\/uct.edu.tl\/wp-content\/uploads\/2023\/12\/Untitled-2_11zon-2-2048x1446.jpg 2048w\" sizes=\"(max-width: 1024px) 100vw, 1024px\" \/><\/figure>\n\n\n\n<p>ATEN\u00c7\u00c3O:<\/p>\n\n\n\n<p>A inscri\u00e7\u00e3o para os novos estudantes na Universidade Cat\u00f3lica Timorense S\u00e3o Jo\u00e3o Paulo II, come\u00e7a no dia 4 de dezembro de 2023 at\u00e9 12 de janeiro de 2024.<\/p>\n\n\n\n<p>Campus Central da UCT, Rua de 12 Novembro,<\/p>\n\n\n\n<p>Balide<\/p>\n\n\n\n<p>N\u00e3o perca tempo! Venha se juntar a esta grande equipa! <\/p>\n\n\n\n<p>Para <a><\/a>mais informa\u00e7\u00f5es contacta:<\/p>\n\n\n\n<p><strong>+67074674158, +67077414985, +67077240083<\/strong><\/p>","protected":false},"excerpt":{"rendered":"<p>UNIVERSIDADE CAT\u00d3LICA TIMORENSE ATEN\u00c7\u00c3O: A inscri\u00e7\u00e3o para os novos estudantes na Universidade Cat\u00f3lica Timorense S\u00e3o Jo\u00e3o Paulo II, come\u00e7a no dia 4 de dezembro de 2023 at\u00e9 12 de janeiro de 2024. Campus Central da UCT, Rua de 12 Novembro, Balide N\u00e3o perca tempo! Venha se juntar a esta grande equipa! Para mais informa\u00e7\u00f5es contacta: [&hellip;]<\/p>","protected":false},"author":1,"featured_media":0,"parent":0,"menu_order":0,"comment_status":"closed","ping_status":"closed","template":"brizy-blank-template.php","meta":{"_eb_attr":"","footnotes":""},"class_list":["post-121","page","type-page","status-publish","hentry","entry"],"_links":{"self":[{"href":"https:\/\/uct.edu.tl\/en\/wp-json\/wp\/v2\/pages\/121","targetHints":{"allow":["GET"]}}],"collection":[{"href":"https:\/\/uct.edu.tl\/en\/wp-json\/wp\/v2\/pages"}],"about":[{"href":"https:\/\/uct.edu.tl\/en\/wp-json\/wp\/v2\/types\/page"}],"author":[{"embeddable":true,"href":"https:\/\/uct.edu.tl\/en\/wp-json\/wp\/v2\/users\/1"}],"replies":[{"embeddable":true,"href":"https:\/\/uct.edu.tl\/en\/wp-json\/wp\/v2\/comments?post=121"}],"version-history":[{"count":14,"href":"https:\/\/uct.edu.tl\/en\/wp-json\/wp\/v2\/pages\/121\/revisions"}],"predecessor-version":[{"id":782,"href":"https:\/\/uct.edu.tl\/en\/wp-json\/wp\/v2\/pages\/121\/revisions\/782"}],"wp:attachment":[{"href":"https:\/\/uct.edu.tl\/en\/wp-json\/wp\/v2\/media?parent=121"}],"curies":[{"name":"wp","href":"https:\/\/api.w.org\/{rel}","templated":true}]}}