{"id":67,"date":"2023-11-22T16:13:07","date_gmt":"2023-11-22T16:13:07","guid":{"rendered":"https:\/\/uct.edu.tl\/?page_id=67"},"modified":"2024-07-30T06:26:47","modified_gmt":"2024-07-30T06:26:47","slug":"estrutura","status":"publish","type":"page","link":"https:\/\/uct.edu.tl\/en\/perfil-universidade\/estrutura\/","title":{"rendered":"Structure"},"content":{"rendered":"<div data-elementor-type=\"wp-page\" data-elementor-id=\"67\" class=\"elementor elementor-67\">\n\t\t\t\t<div class=\"elementor-element elementor-element-4aa9e28 e-flex e-con-boxed e-con e-parent\" data-id=\"4aa9e28\" data-element_type=\"container\">\n\t\t\t\t\t<div class=\"e-con-inner\">\n\t\t\t\t<div class=\"elementor-element elementor-element-282415e7 elementor-widget elementor-widget-text-editor\" data-id=\"282415e7\" data-element_type=\"widget\" data-widget_type=\"text-editor.default\">\n\t\t\t\t<div class=\"elementor-widget-container\">\n\t\t\t<style>\/*! elementor - v3.21.0 - 26-05-2024 *\/\n.elementor-widget-text-editor.elementor-drop-cap-view-stacked .elementor-drop-cap{background-color:#69727d;color:#fff}.elementor-widget-text-editor.elementor-drop-cap-view-framed .elementor-drop-cap{color:#69727d;border:3px solid;background-color:transparent}.elementor-widget-text-editor:not(.elementor-drop-cap-view-default) .elementor-drop-cap{margin-top:8px}.elementor-widget-text-editor:not(.elementor-drop-cap-view-default) .elementor-drop-cap-letter{width:1em;height:1em}.elementor-widget-text-editor .elementor-drop-cap{float:left;text-align:center;line-height:1;font-size:50px}.elementor-widget-text-editor .elementor-drop-cap-letter{display:inline-block}<\/style>\t\t\t\t<!-- wp:paragraph {\"align\":\"center\"} -->\n<p class=\"has-text-align-center\"><strong>ESTRUTURA ORGANIZACIONAL DA UCT<\/strong><\/p>\n<!-- \/wp:paragraph -->\n\n<!-- wp:paragraph -->\n<p>A UCT adotou um modelo de governa\u00e7\u00e3o racionalizada com uma estrutura org\u00e2nica com base em escolas, reunidos ou n\u00e3o em unidades mais amplas, adota o conceito da universalidade do campo e as suas \u00e1reas fundamentais ou afins.\u00a0 A racionaliza\u00e7\u00e3o estrutural fundamenta-se em unidade de patrim\u00f3nio e administra\u00e7\u00e3o e em unidades de fun\u00e7\u00f5es de ensino e investiga\u00e7\u00e3o cient\u00edfica<\/p>\n<!-- \/wp:paragraph -->\t\t\t\t\t\t<\/div>\n\t\t\t\t<\/div>\n\t\t\t\t\t<\/div>\n\t\t\t\t<\/div>\n\t\t<div class=\"elementor-element elementor-element-6ac0868 e-flex e-con-boxed e-con e-parent\" data-id=\"6ac0868\" data-element_type=\"container\">\n\t\t\t\t\t<div class=\"e-con-inner\">\n\t\t\t\t<div class=\"elementor-element elementor-element-d3fee63 elementor-widget elementor-widget-image\" data-id=\"d3fee63\" data-element_type=\"widget\" data-widget_type=\"image.default\">\n\t\t\t\t<div class=\"elementor-widget-container\">\n\t\t\t<style>\/*! elementor - v3.21.0 - 26-05-2024 *\/\n.elementor-widget-image{text-align:center}.elementor-widget-image a{display:inline-block}.elementor-widget-image a img[src$=\".svg\"]{width:48px}.elementor-widget-image img{vertical-align:middle;display:inline-block}<\/style>\t\t\t\t\t\t\t\t\t\t<img fetchpriority=\"high\" decoding=\"async\" width=\"1024\" height=\"684\" src=\"https:\/\/uct.edu.tl\/wp-content\/uploads\/2024\/07\/uct1-1024x684.png\" class=\"attachment-large size-large wp-image-798\" alt=\"Organigrama da UCT de 2024\" srcset=\"https:\/\/uct.edu.tl\/wp-content\/uploads\/2024\/07\/uct1-1024x684.png 1024w, https:\/\/uct.edu.tl\/wp-content\/uploads\/2024\/07\/uct1-300x200.png 300w, https:\/\/uct.edu.tl\/wp-content\/uploads\/2024\/07\/uct1-768x513.png 768w, https:\/\/uct.edu.tl\/wp-content\/uploads\/2024\/07\/uct1-1536x1026.png 1536w, https:\/\/uct.edu.tl\/wp-content\/uploads\/2024\/07\/uct1-18x12.png 18w, https:\/\/uct.edu.tl\/wp-content\/uploads\/2024\/07\/uct1.png 1549w\" sizes=\"(max-width: 1024px) 100vw, 1024px\" \/>\t\t\t\t\t\t\t\t\t\t\t\t\t<\/div>\n\t\t\t\t<\/div>\n\t\t\t\t\t<\/div>\n\t\t\t\t<\/div>\n\t\t\t\t<\/div>","protected":false},"excerpt":{"rendered":"<p>ESTRUTURA ORGANIZACIONAL DA UCT A UCT adotou um modelo de governa\u00e7\u00e3o racionalizada com uma estrutura org\u00e2nica com base em escolas, reunidos ou n\u00e3o em unidades mais amplas, adota o conceito da universalidade do campo e as suas \u00e1reas fundamentais ou afins.\u00a0 A racionaliza\u00e7\u00e3o estrutural fundamenta-se em unidade de patrim\u00f3nio e administra\u00e7\u00e3o e em unidades de [&hellip;]<\/p>","protected":false},"author":1,"featured_media":0,"parent":147,"menu_order":0,"comment_status":"closed","ping_status":"closed","template":"","meta":{"_eb_attr":"","footnotes":""},"class_list":["post-67","page","type-page","status-publish","hentry","entry"],"_links":{"self":[{"href":"https:\/\/uct.edu.tl\/en\/wp-json\/wp\/v2\/pages\/67","targetHints":{"allow":["GET"]}}],"collection":[{"href":"https:\/\/uct.edu.tl\/en\/wp-json\/wp\/v2\/pages"}],"about":[{"href":"https:\/\/uct.edu.tl\/en\/wp-json\/wp\/v2\/types\/page"}],"author":[{"embeddable":true,"href":"https:\/\/uct.edu.tl\/en\/wp-json\/wp\/v2\/users\/1"}],"replies":[{"embeddable":true,"href":"https:\/\/uct.edu.tl\/en\/wp-json\/wp\/v2\/comments?post=67"}],"version-history":[{"count":7,"href":"https:\/\/uct.edu.tl\/en\/wp-json\/wp\/v2\/pages\/67\/revisions"}],"predecessor-version":[{"id":802,"href":"https:\/\/uct.edu.tl\/en\/wp-json\/wp\/v2\/pages\/67\/revisions\/802"}],"up":[{"embeddable":true,"href":"https:\/\/uct.edu.tl\/en\/wp-json\/wp\/v2\/pages\/147"}],"wp:attachment":[{"href":"https:\/\/uct.edu.tl\/en\/wp-json\/wp\/v2\/media?parent=67"}],"curies":[{"name":"wp","href":"https:\/\/api.w.org\/{rel}","templated":true}]}}