{"id":833,"date":"2024-07-02T07:49:56","date_gmt":"2024-07-02T07:49:56","guid":{"rendered":"https:\/\/uct.edu.tl\/?page_id=833"},"modified":"2024-07-02T07:51:26","modified_gmt":"2024-07-02T07:51:26","slug":"curso-formacao-professores-historia-e-geografia","status":"publish","type":"page","link":"https:\/\/uct.edu.tl\/en\/faculdades\/faculdade-educacao-linguas-e-artes\/curso-formacao-professores-historia-e-geografia\/","title":{"rendered":"Curso Forma\u00e7\u00e3o Professores Hist\u00f3ria e Geografia"},"content":{"rendered":"<p>The general objective of the <strong>Teaching of History and Geography<\/strong> course is to train future teachers with a broad knowledge and understanding about National, Regional and International History, as well as pedagogical and didactical skills including applying methodologies of analysis, diagnosis and intervention on History and Geography.<\/p>","protected":false},"excerpt":{"rendered":"<p>The general objective of the Teaching of History and Geography course is to train future teachers with a broad knowledge and understanding about National, Regional and International History, as well as pedagogical and didactical skills including applying methodologies of analysis, diagnosis and intervention on History and Geography.<\/p>","protected":false},"author":1,"featured_media":0,"parent":156,"menu_order":0,"comment_status":"closed","ping_status":"closed","template":"","meta":{"_eb_attr":"","footnotes":""},"class_list":["post-833","page","type-page","status-publish","hentry","entry"],"_links":{"self":[{"href":"https:\/\/uct.edu.tl\/en\/wp-json\/wp\/v2\/pages\/833","targetHints":{"allow":["GET"]}}],"collection":[{"href":"https:\/\/uct.edu.tl\/en\/wp-json\/wp\/v2\/pages"}],"about":[{"href":"https:\/\/uct.edu.tl\/en\/wp-json\/wp\/v2\/types\/page"}],"author":[{"embeddable":true,"href":"https:\/\/uct.edu.tl\/en\/wp-json\/wp\/v2\/users\/1"}],"replies":[{"embeddable":true,"href":"https:\/\/uct.edu.tl\/en\/wp-json\/wp\/v2\/comments?post=833"}],"version-history":[{"count":1,"href":"https:\/\/uct.edu.tl\/en\/wp-json\/wp\/v2\/pages\/833\/revisions"}],"predecessor-version":[{"id":834,"href":"https:\/\/uct.edu.tl\/en\/wp-json\/wp\/v2\/pages\/833\/revisions\/834"}],"up":[{"embeddable":true,"href":"https:\/\/uct.edu.tl\/en\/wp-json\/wp\/v2\/pages\/156"}],"wp:attachment":[{"href":"https:\/\/uct.edu.tl\/en\/wp-json\/wp\/v2\/media?parent=833"}],"curies":[{"name":"wp","href":"https:\/\/api.w.org\/{rel}","templated":true}]}}